{"id":46123,"date":"2022-09-06T15:11:34","date_gmt":"2022-09-06T13:11:34","guid":{"rendered":"https:\/\/www.enac.gov.it\/relazioni-con-il-pubblico\/"},"modified":"2024-11-06T12:10:13","modified_gmt":"2024-11-06T11:10:13","slug":"relazioni-con-il-pubblico","status":"publish","type":"page","link":"https:\/\/www.enac.gov.it\/en\/relations-with-users\/","title":{"rendered":"Relations with users"},"content":{"rendered":"<div class=\"field field--name-body field--type-text-with-summary field--label-hidden field--item field--item--align\">\n<p>ENAC&#8217;s customer service follows the principles of trasparency and effective communication to receive the users&#8217; request, provide them with needed information, granting them access to documents.<\/p>\n<p>To this end, ENAC uses a pool of resources and tools aimed at promoting and optimizing relations with various target audiences.<\/p>\n<\/div>\n<div class=\"field field--name-field-paragrafi-aggiuntivi field--type-entity-reference-revisions field--label-hidden field--items\">\n<div class=\"field--item field--item--align\">\n<div class=\"paragraph paragraph--type--testo paragraph--view-mode--default\">\n<div class=\"field field--name-field-testo field--type-text-long field--label-hidden field--item field--item--align\">\n<p>Il servizio di Relazioni con il Pubblico viene assicurato attraverso i canali telefonici ed e-mail.<\/p>\n<p>Il servizio telefonico \u00e8 attivo nei giorni feriali dal luned\u00ec al venerd\u00ec dalle ore 10.00\u00a0alle 13.00 e dalle 14.30\u00a0alle 15.30. I numeri di riferimento sono:<\/p>\n<p><strong>+39 06 44596373<br \/>\n+39 06 44596603<br \/>\n+39 06 44596372<\/strong><\/p>\n<p>E\u2019 possibile inoltre contattare la\u00a0Funzione Organizzativa\u00a0Comunicazione\u00a0Istituzionale\u00a0via email all\u2019indirizzo\u00a0<strong><a href=\"https:\/\/www.enac.gov.it\/en\">comunicazione@enac.gov.it<\/a><\/strong>. Si richiede, in questo caso, di specificare al meglio le esigenze informative in modo da consentire di rispondere nel pi\u00f9 breve tempo possibile e\/o interessare l\u2019eventuale Struttura ENAC di riferimento.<\/p>\n<\/div>\n<\/div>\n<\/div>\n<\/div>\n","protected":false},"excerpt":{"rendered":"<p>ENAC&#8217;s customer service follows the principles of trasparency and effective communication to receive the users&#8217; request, provide them with needed information, granting them access to documents. To this end, ENAC uses a pool of resources and tools aimed at promoting and optimizing relations with various target audiences. Il servizio di Relazioni con il Pubblico viene [&hellip;]<\/p>\n","protected":false},"author":1,"featured_media":0,"parent":0,"menu_order":0,"comment_status":"closed","ping_status":"closed","template":"","meta":{"_acf_changed":false,"ep_exclude_from_search":false,"footnotes":""},"open-data":[],"in-evidenza":[],"class_list":["post-46123","page","type-page","status-publish","hentry"],"acf":[],"yoast_head":"<!-- This site is optimized with the Yoast SEO plugin v25.1 - https:\/\/yoast.com\/wordpress\/plugins\/seo\/ -->\n<title>Relations with users - Ente Nazionale per l&#039;Aviazione Civile<\/title>\n<meta name=\"robots\" content=\"index, follow, max-snippet:-1, max-image-preview:large, max-video-preview:-1\" \/>\n<link rel=\"canonical\" href=\"https:\/\/www.enac.gov.it\/en\/relations-with-users\/\" \/>\n<meta property=\"og:locale\" content=\"en_US\" \/>\n<meta property=\"og:type\" content=\"article\" \/>\n<meta property=\"og:title\" content=\"Relations with users - Ente Nazionale per l&#039;Aviazione Civile\" \/>\n<meta property=\"og:description\" content=\"ENAC&#8217;s customer service follows the principles of trasparency and effective communication to receive the users&#8217; request, provide them with needed information, granting them access to documents. To this end, ENAC uses a pool of resources and tools aimed at promoting and optimizing relations with various target audiences. Il servizio di Relazioni con il Pubblico viene [&hellip;]\" \/>\n<meta property=\"og:url\" content=\"https:\/\/www.enac.gov.it\/en\/relations-with-users\/\" \/>\n<meta property=\"og:site_name\" content=\"Ente Nazionale per l&#039;Aviazione Civile\" \/>\n<meta property=\"article:publisher\" content=\"https:\/\/www.facebook.com\/people\/ENAC-Ente-Nazionale-Aviazione-Civile\/100089216033625\/\" \/>\n<meta property=\"article:modified_time\" content=\"2024-11-06T11:10:13+00:00\" \/>\n<meta name=\"twitter:card\" content=\"summary_large_image\" \/>\n<meta name=\"twitter:site\" content=\"@EnacGov\" \/>\n<meta name=\"twitter:label1\" content=\"Est. reading time\" \/>\n\t<meta name=\"twitter:data1\" content=\"1 minute\" \/>\n<script type=\"application\/ld+json\" class=\"yoast-schema-graph\">{\"@context\":\"https:\/\/schema.org\",\"@graph\":[{\"@type\":\"WebPage\",\"@id\":\"https:\/\/www.enac.gov.it\/en\/relations-with-users\/\",\"url\":\"https:\/\/www.enac.gov.it\/en\/relations-with-users\/\",\"name\":\"Relations with users - Ente Nazionale per l&#039;Aviazione Civile\",\"isPartOf\":{\"@id\":\"https:\/\/www.enac.gov.it\/en\/#website\"},\"datePublished\":\"2022-09-06T13:11:34+00:00\",\"dateModified\":\"2024-11-06T11:10:13+00:00\",\"breadcrumb\":{\"@id\":\"https:\/\/www.enac.gov.it\/en\/relations-with-users\/#breadcrumb\"},\"inLanguage\":\"en-US\",\"potentialAction\":[{\"@type\":\"ReadAction\",\"target\":[\"https:\/\/www.enac.gov.it\/en\/relations-with-users\/\"]}]},{\"@type\":\"BreadcrumbList\",\"@id\":\"https:\/\/www.enac.gov.it\/en\/relations-with-users\/#breadcrumb\",\"itemListElement\":[{\"@type\":\"ListItem\",\"position\":1,\"name\":\"Home\",\"item\":\"https:\/\/www.enac.gov.it\/en\/\"},{\"@type\":\"ListItem\",\"position\":2,\"name\":\"Relations with users\"}]},{\"@type\":\"WebSite\",\"@id\":\"https:\/\/www.enac.gov.it\/en\/#website\",\"url\":\"https:\/\/www.enac.gov.it\/en\/\",\"name\":\"Ente Nazionale per l'Aviazione Civile\",\"description\":\"\",\"publisher\":{\"@id\":\"https:\/\/www.enac.gov.it\/en\/#organization\"},\"potentialAction\":[{\"@type\":\"SearchAction\",\"target\":{\"@type\":\"EntryPoint\",\"urlTemplate\":\"https:\/\/www.enac.gov.it\/en\/?s={search_term_string}\"},\"query-input\":{\"@type\":\"PropertyValueSpecification\",\"valueRequired\":true,\"valueName\":\"search_term_string\"}}],\"inLanguage\":\"en-US\"},{\"@type\":\"Organization\",\"@id\":\"https:\/\/www.enac.gov.it\/en\/#organization\",\"name\":\"Ente Nazionale per l'Aviazione Civile\",\"url\":\"https:\/\/www.enac.gov.it\/en\/\",\"logo\":{\"@type\":\"ImageObject\",\"inLanguage\":\"en-US\",\"@id\":\"https:\/\/www.enac.gov.it\/en\/#\/schema\/logo\/image\/\",\"url\":\"https:\/\/www.enac.gov.it\/app\/uploads\/2024\/01\/cropped-enac-logo.png\",\"contentUrl\":\"https:\/\/www.enac.gov.it\/app\/uploads\/2024\/01\/cropped-enac-logo.png\",\"width\":594,\"height\":842,\"caption\":\"Ente Nazionale per l'Aviazione Civile\"},\"image\":{\"@id\":\"https:\/\/www.enac.gov.it\/en\/#\/schema\/logo\/image\/\"},\"sameAs\":[\"https:\/\/www.facebook.com\/people\/ENAC-Ente-Nazionale-Aviazione-Civile\/100089216033625\/\",\"https:\/\/x.com\/EnacGov\"]}]}<\/script>\n<!-- \/ Yoast SEO plugin. -->","yoast_head_json":{"title":"Relations with users - Ente Nazionale per l&#039;Aviazione Civile","robots":{"index":"index","follow":"follow","max-snippet":"max-snippet:-1","max-image-preview":"max-image-preview:large","max-video-preview":"max-video-preview:-1"},"canonical":"https:\/\/www.enac.gov.it\/en\/relations-with-users\/","og_locale":"en_US","og_type":"article","og_title":"Relations with users - Ente Nazionale per l&#039;Aviazione Civile","og_description":"ENAC&#8217;s customer service follows the principles of trasparency and effective communication to receive the users&#8217; request, provide them with needed information, granting them access to documents. To this end, ENAC uses a pool of resources and tools aimed at promoting and optimizing relations with various target audiences. Il servizio di Relazioni con il Pubblico viene [&hellip;]","og_url":"https:\/\/www.enac.gov.it\/en\/relations-with-users\/","og_site_name":"Ente Nazionale per l&#039;Aviazione Civile","article_publisher":"https:\/\/www.facebook.com\/people\/ENAC-Ente-Nazionale-Aviazione-Civile\/100089216033625\/","article_modified_time":"2024-11-06T11:10:13+00:00","twitter_card":"summary_large_image","twitter_site":"@EnacGov","twitter_misc":{"Est. reading time":"1 minute"},"schema":{"@context":"https:\/\/schema.org","@graph":[{"@type":"WebPage","@id":"https:\/\/www.enac.gov.it\/en\/relations-with-users\/","url":"https:\/\/www.enac.gov.it\/en\/relations-with-users\/","name":"Relations with users - Ente Nazionale per l&#039;Aviazione Civile","isPartOf":{"@id":"https:\/\/www.enac.gov.it\/en\/#website"},"datePublished":"2022-09-06T13:11:34+00:00","dateModified":"2024-11-06T11:10:13+00:00","breadcrumb":{"@id":"https:\/\/www.enac.gov.it\/en\/relations-with-users\/#breadcrumb"},"inLanguage":"en-US","potentialAction":[{"@type":"ReadAction","target":["https:\/\/www.enac.gov.it\/en\/relations-with-users\/"]}]},{"@type":"BreadcrumbList","@id":"https:\/\/www.enac.gov.it\/en\/relations-with-users\/#breadcrumb","itemListElement":[{"@type":"ListItem","position":1,"name":"Home","item":"https:\/\/www.enac.gov.it\/en\/"},{"@type":"ListItem","position":2,"name":"Relations with users"}]},{"@type":"WebSite","@id":"https:\/\/www.enac.gov.it\/en\/#website","url":"https:\/\/www.enac.gov.it\/en\/","name":"Ente Nazionale per l'Aviazione Civile","description":"","publisher":{"@id":"https:\/\/www.enac.gov.it\/en\/#organization"},"potentialAction":[{"@type":"SearchAction","target":{"@type":"EntryPoint","urlTemplate":"https:\/\/www.enac.gov.it\/en\/?s={search_term_string}"},"query-input":{"@type":"PropertyValueSpecification","valueRequired":true,"valueName":"search_term_string"}}],"inLanguage":"en-US"},{"@type":"Organization","@id":"https:\/\/www.enac.gov.it\/en\/#organization","name":"Ente Nazionale per l'Aviazione Civile","url":"https:\/\/www.enac.gov.it\/en\/","logo":{"@type":"ImageObject","inLanguage":"en-US","@id":"https:\/\/www.enac.gov.it\/en\/#\/schema\/logo\/image\/","url":"https:\/\/www.enac.gov.it\/app\/uploads\/2024\/01\/cropped-enac-logo.png","contentUrl":"https:\/\/www.enac.gov.it\/app\/uploads\/2024\/01\/cropped-enac-logo.png","width":594,"height":842,"caption":"Ente Nazionale per l'Aviazione Civile"},"image":{"@id":"https:\/\/www.enac.gov.it\/en\/#\/schema\/logo\/image\/"},"sameAs":["https:\/\/www.facebook.com\/people\/ENAC-Ente-Nazionale-Aviazione-Civile\/100089216033625\/","https:\/\/x.com\/EnacGov"]}]}},"_links":{"self":[{"href":"https:\/\/www.enac.gov.it\/en\/wp-json\/wp\/v2\/pages\/46123","targetHints":{"allow":["GET"]}}],"collection":[{"href":"https:\/\/www.enac.gov.it\/en\/wp-json\/wp\/v2\/pages"}],"about":[{"href":"https:\/\/www.enac.gov.it\/en\/wp-json\/wp\/v2\/types\/page"}],"author":[{"embeddable":true,"href":"https:\/\/www.enac.gov.it\/en\/wp-json\/wp\/v2\/users\/1"}],"replies":[{"embeddable":true,"href":"https:\/\/www.enac.gov.it\/en\/wp-json\/wp\/v2\/comments?post=46123"}],"version-history":[{"count":5,"href":"https:\/\/www.enac.gov.it\/en\/wp-json\/wp\/v2\/pages\/46123\/revisions"}],"predecessor-version":[{"id":58232,"href":"https:\/\/www.enac.gov.it\/en\/wp-json\/wp\/v2\/pages\/46123\/revisions\/58232"}],"wp:attachment":[{"href":"https:\/\/www.enac.gov.it\/en\/wp-json\/wp\/v2\/media?parent=46123"}],"wp:term":[{"taxonomy":"open-data","embeddable":true,"href":"https:\/\/www.enac.gov.it\/en\/wp-json\/wp\/v2\/open-data?post=46123"},{"taxonomy":"in-evidenza","embeddable":true,"href":"https:\/\/www.enac.gov.it\/en\/wp-json\/wp\/v2\/in-evidenza?post=46123"}],"curies":[{"name":"wp","href":"https:\/\/api.w.org\/{rel}","templated":true}]}}